{"id":68,"date":"2025-07-17T10:17:27","date_gmt":"2025-07-17T10:17:27","guid":{"rendered":"https:\/\/bogalarkoyusulamakooperatifi.com\/?page_id=68"},"modified":"2026-03-27T10:02:59","modified_gmt":"2026-03-27T10:02:59","slug":"gundem","status":"publish","type":"page","link":"https:\/\/bogalarkoyusulamakooperatifi.com\/?page_id=68","title":{"rendered":"G\u00fcndem"},"content":{"rendered":"\n<p class=\"has-text-align-center\"><strong>TANK DA\u011eITIMINDA ORTAK ADIM<\/strong><\/p>\n\n\n\n<p><strong>S\u00fctte kalite ve hijyeni art\u0131rmak hedefiyle Mu\u011fla B\u00fcy\u00fck\u015fehir Belediyesi ile ger\u00e7ekle\u015ftirdi\u011fimiz tank da\u011f\u0131t\u0131m\u0131 ba\u015far\u0131yla tamamland\u0131.<\/strong><\/p>\n\n\n\n<figure class=\"wp-block-gallery aligncenter has-nested-images columns-default is-cropped wp-block-gallery-1 is-layout-flex wp-block-gallery-is-layout-flex\">\n<figure class=\"wp-block-image size-full\"><img loading=\"lazy\" decoding=\"async\" width=\"640\" height=\"480\" data-id=\"97\" src=\"https:\/\/bogalarkoyusulamakooperatifi.com\/wp-content\/uploads\/BOGALARKOOP.jpeg\" alt=\"\" class=\"wp-image-97\" srcset=\"https:\/\/bogalarkoyusulamakooperatifi.com\/wp-content\/uploads\/BOGALARKOOP.jpeg 640w, https:\/\/bogalarkoyusulamakooperatifi.com\/wp-content\/uploads\/BOGALARKOOP-300x225.jpeg 300w\" sizes=\"auto, (max-width: 640px) 100vw, 640px\" \/><\/figure>\n\n\n\n<figure class=\"wp-block-image size-full\"><img loading=\"lazy\" decoding=\"async\" width=\"640\" height=\"480\" data-id=\"102\" src=\"https:\/\/bogalarkoyusulamakooperatifi.com\/wp-content\/uploads\/BOGALAR.jpeg\" alt=\"\" class=\"wp-image-102\" srcset=\"https:\/\/bogalarkoyusulamakooperatifi.com\/wp-content\/uploads\/BOGALAR.jpeg 640w, https:\/\/bogalarkoyusulamakooperatifi.com\/wp-content\/uploads\/BOGALAR-300x225.jpeg 300w\" sizes=\"auto, (max-width: 640px) 100vw, 640px\" \/><\/figure>\n<\/figure>\n\n\n\n<p><strong>Kooperatifimizin 2021-2022-2023 y\u0131llar\u0131 Birle\u015ftirilmi\u015f Ola\u011fan Genel Kurul toplant\u0131s\u0131 07 Temmuz 2024 Pazar g\u00fcn\u00fc Bo\u011falar Mahallesi Mesire Alan\u0131nda yap\u0131lm\u0131\u015ft\u0131r.<\/strong><\/p>\n\n\n\n<p><\/p>\n\n\n\n<figure class=\"wp-block-image aligncenter size-large is-resized\"><img loading=\"lazy\" decoding=\"async\" width=\"1024\" height=\"473\" src=\"https:\/\/bogalarkoyusulamakooperatifi.com\/wp-content\/uploads\/WhatsApp-Image-2025-07-29-at-14.21.08-1024x473.jpeg\" alt=\"\" class=\"wp-image-90\" style=\"width:989px;height:auto\" srcset=\"https:\/\/bogalarkoyusulamakooperatifi.com\/wp-content\/uploads\/WhatsApp-Image-2025-07-29-at-14.21.08-1024x473.jpeg 1024w, https:\/\/bogalarkoyusulamakooperatifi.com\/wp-content\/uploads\/WhatsApp-Image-2025-07-29-at-14.21.08-300x139.jpeg 300w, https:\/\/bogalarkoyusulamakooperatifi.com\/wp-content\/uploads\/WhatsApp-Image-2025-07-29-at-14.21.08-768x355.jpeg 768w, https:\/\/bogalarkoyusulamakooperatifi.com\/wp-content\/uploads\/WhatsApp-Image-2025-07-29-at-14.21.08-1536x709.jpeg 1536w, https:\/\/bogalarkoyusulamakooperatifi.com\/wp-content\/uploads\/WhatsApp-Image-2025-07-29-at-14.21.08.jpeg 2040w\" sizes=\"auto, (max-width: 1024px) 100vw, 1024px\" \/><\/figure>\n","protected":false},"excerpt":{"rendered":"<p>TANK DA\u011eITIMINDA ORTAK ADIM S\u00fctte kalite ve hijyeni art\u0131rmak hedefiyle Mu\u011fla B\u00fcy\u00fck\u015fehir Belediyesi ile ger\u00e7ekle\u015ftirdi\u011fimiz tank da\u011f\u0131t\u0131m\u0131 ba\u015far\u0131yla tamamland\u0131. Kooperatifimizin 2021-2022-2023 y\u0131llar\u0131 Birle\u015ftirilmi\u015f Ola\u011fan Genel Kurul toplant\u0131s\u0131 07 Temmuz 2024 Pazar g\u00fcn\u00fc Bo\u011falar Mahallesi Mesire Alan\u0131nda yap\u0131lm\u0131\u015ft\u0131r.<\/p>\n","protected":false},"author":1,"featured_media":0,"parent":0,"menu_order":0,"comment_status":"closed","ping_status":"closed","template":"","meta":{"pagelayer_contact_templates":[],"_pagelayer_content":"","footnotes":""},"class_list":["post-68","page","type-page","status-publish","hentry"],"_links":{"self":[{"href":"https:\/\/bogalarkoyusulamakooperatifi.com\/index.php?rest_route=\/wp\/v2\/pages\/68","targetHints":{"allow":["GET"]}}],"collection":[{"href":"https:\/\/bogalarkoyusulamakooperatifi.com\/index.php?rest_route=\/wp\/v2\/pages"}],"about":[{"href":"https:\/\/bogalarkoyusulamakooperatifi.com\/index.php?rest_route=\/wp\/v2\/types\/page"}],"author":[{"embeddable":true,"href":"https:\/\/bogalarkoyusulamakooperatifi.com\/index.php?rest_route=\/wp\/v2\/users\/1"}],"replies":[{"embeddable":true,"href":"https:\/\/bogalarkoyusulamakooperatifi.com\/index.php?rest_route=%2Fwp%2Fv2%2Fcomments&post=68"}],"version-history":[{"count":11,"href":"https:\/\/bogalarkoyusulamakooperatifi.com\/index.php?rest_route=\/wp\/v2\/pages\/68\/revisions"}],"predecessor-version":[{"id":106,"href":"https:\/\/bogalarkoyusulamakooperatifi.com\/index.php?rest_route=\/wp\/v2\/pages\/68\/revisions\/106"}],"wp:attachment":[{"href":"https:\/\/bogalarkoyusulamakooperatifi.com\/index.php?rest_route=%2Fwp%2Fv2%2Fmedia&parent=68"}],"curies":[{"name":"wp","href":"https:\/\/api.w.org\/{rel}","templated":true}]}}