{"id":60,"date":"2025-07-17T09:59:35","date_gmt":"2025-07-17T09:59:35","guid":{"rendered":"https:\/\/bogalarkoyusulamakooperatifi.com\/?page_id=60"},"modified":"2025-07-17T10:14:30","modified_gmt":"2025-07-17T10:14:30","slug":"hakkimizda","status":"publish","type":"page","link":"https:\/\/bogalarkoyusulamakooperatifi.com\/?page_id=60","title":{"rendered":"Hakk\u0131m\u0131zda"},"content":{"rendered":"\n<p><strong><mark style=\"background-color:rgba(0, 0, 0, 0);color:#cf2e2e\" class=\"has-inline-color\">Hakk\u0131m\u0131zda<\/mark><br><\/strong>S.S.Bo\u011falar K\u00f6y\u00fc Sulama Kooperatifi 03.07.2002 tarih ve Bakanl\u0131\u011f\u0131n 252 say\u0131l\u0131 Onay\u0131 ile kurulmu\u015f olup 23.07.2002 tarihinde Tescil ve ilan edilmi\u015ftir.<\/p>\n\n\n\n<p>TEMEL \u0130LKEM\u0130Z : E\u015fitlik, iyi niyet, kar\u015f\u0131l\u0131kl\u0131 sevgi, sayg\u0131 ve d\u00fcr\u00fcstl\u00fckten ge\u00e7mektedir.Daima &#8220;en iyisini&#8221; yapmak, \u00e7al\u0131\u015fma prensibimizdir.<\/p>\n\n\n\n<p><\/p>\n","protected":false},"excerpt":{"rendered":"<p>Hakk\u0131m\u0131zdaS.S.Bo\u011falar K\u00f6y\u00fc Sulama Kooperatifi 03.07.2002 tarih ve Bakanl\u0131\u011f\u0131n 252 say\u0131l\u0131 Onay\u0131 ile kurulmu\u015f olup 23.07.2002 tarihinde Tescil ve ilan edilmi\u015ftir. TEMEL \u0130LKEM\u0130Z : E\u015fitlik, iyi niyet, kar\u015f\u0131l\u0131kl\u0131 sevgi, sayg\u0131 ve d\u00fcr\u00fcstl\u00fckten ge\u00e7mektedir.Daima &#8220;en iyisini&#8221; yapmak, \u00e7al\u0131\u015fma prensibimizdir.<\/p>\n","protected":false},"author":1,"featured_media":0,"parent":0,"menu_order":0,"comment_status":"closed","ping_status":"closed","template":"","meta":{"pagelayer_contact_templates":[],"_pagelayer_content":"","footnotes":""},"class_list":["post-60","page","type-page","status-publish","hentry"],"_links":{"self":[{"href":"https:\/\/bogalarkoyusulamakooperatifi.com\/index.php?rest_route=\/wp\/v2\/pages\/60","targetHints":{"allow":["GET"]}}],"collection":[{"href":"https:\/\/bogalarkoyusulamakooperatifi.com\/index.php?rest_route=\/wp\/v2\/pages"}],"about":[{"href":"https:\/\/bogalarkoyusulamakooperatifi.com\/index.php?rest_route=\/wp\/v2\/types\/page"}],"author":[{"embeddable":true,"href":"https:\/\/bogalarkoyusulamakooperatifi.com\/index.php?rest_route=\/wp\/v2\/users\/1"}],"replies":[{"embeddable":true,"href":"https:\/\/bogalarkoyusulamakooperatifi.com\/index.php?rest_route=%2Fwp%2Fv2%2Fcomments&post=60"}],"version-history":[{"count":4,"href":"https:\/\/bogalarkoyusulamakooperatifi.com\/index.php?rest_route=\/wp\/v2\/pages\/60\/revisions"}],"predecessor-version":[{"id":66,"href":"https:\/\/bogalarkoyusulamakooperatifi.com\/index.php?rest_route=\/wp\/v2\/pages\/60\/revisions\/66"}],"wp:attachment":[{"href":"https:\/\/bogalarkoyusulamakooperatifi.com\/index.php?rest_route=%2Fwp%2Fv2%2Fmedia&parent=60"}],"curies":[{"name":"wp","href":"https:\/\/api.w.org\/{rel}","templated":true}]}}