{"id":54,"date":"2025-07-17T09:45:44","date_gmt":"2025-07-17T09:45:44","guid":{"rendered":"https:\/\/bogalarkoyusulamakooperatifi.com\/?page_id=54"},"modified":"2025-08-07T11:44:16","modified_gmt":"2025-08-07T11:44:16","slug":"faliyetler","status":"publish","type":"page","link":"https:\/\/bogalarkoyusulamakooperatifi.com\/?page_id=54","title":{"rendered":"Faaliyetler"},"content":{"rendered":"\n<p><strong>S\u00dcT TOPLAMA VE DEPOLAMA<\/strong><\/p>\n\n\n\n<figure class=\"wp-block-image size-large is-resized\"><img loading=\"lazy\" decoding=\"async\" width=\"1024\" height=\"768\" src=\"https:\/\/bogalarkoyusulamakooperatifi.com\/wp-content\/uploads\/2025\/07\/WhatsApp-Image-2025-07-16-at-16.15.36-1-1024x768.jpeg\" alt=\"\" class=\"wp-image-16\" style=\"width:221px;height:auto\" srcset=\"https:\/\/bogalarkoyusulamakooperatifi.com\/wp-content\/uploads\/2025\/07\/WhatsApp-Image-2025-07-16-at-16.15.36-1-1024x768.jpeg 1024w, https:\/\/bogalarkoyusulamakooperatifi.com\/wp-content\/uploads\/2025\/07\/WhatsApp-Image-2025-07-16-at-16.15.36-1-300x225.jpeg 300w, https:\/\/bogalarkoyusulamakooperatifi.com\/wp-content\/uploads\/2025\/07\/WhatsApp-Image-2025-07-16-at-16.15.36-1-768x576.jpeg 768w, https:\/\/bogalarkoyusulamakooperatifi.com\/wp-content\/uploads\/2025\/07\/WhatsApp-Image-2025-07-16-at-16.15.36-1-1536x1152.jpeg 1536w, https:\/\/bogalarkoyusulamakooperatifi.com\/wp-content\/uploads\/2025\/07\/WhatsApp-Image-2025-07-16-at-16.15.36-1.jpeg 2016w\" sizes=\"auto, (max-width: 1024px) 100vw, 1024px\" \/><\/figure>\n\n\n\n<p><strong>YEM SATI\u015eI VE DEPOLAMA<\/strong><\/p>\n\n\n\n<figure class=\"wp-block-image size-large is-resized\"><img loading=\"lazy\" decoding=\"async\" width=\"1024\" height=\"576\" src=\"https:\/\/bogalarkoyusulamakooperatifi.com\/wp-content\/uploads\/2-1024x576.jpg\" alt=\"\" class=\"wp-image-87\" style=\"width:226px;height:auto\" srcset=\"https:\/\/bogalarkoyusulamakooperatifi.com\/wp-content\/uploads\/2-1024x576.jpg 1024w, https:\/\/bogalarkoyusulamakooperatifi.com\/wp-content\/uploads\/2-300x169.jpg 300w, https:\/\/bogalarkoyusulamakooperatifi.com\/wp-content\/uploads\/2-768x432.jpg 768w, https:\/\/bogalarkoyusulamakooperatifi.com\/wp-content\/uploads\/2-1536x864.jpg 1536w, https:\/\/bogalarkoyusulamakooperatifi.com\/wp-content\/uploads\/2.jpg 1599w\" sizes=\"auto, (max-width: 1024px) 100vw, 1024px\" \/><\/figure>\n\n\n\n<p><strong>S\u00d6ZLE\u015eMEL\u0130 \u00dcRET\u0130M<\/strong><\/p>\n\n\n\n<figure class=\"wp-block-image size-full is-resized\"><img loading=\"lazy\" decoding=\"async\" width=\"805\" height=\"900\" src=\"https:\/\/bogalarkoyusulamakooperatifi.com\/wp-content\/uploads\/2025\/07\/WhatsApp-Image-2025-07-16-at-16.09.46.jpeg\" alt=\"\" class=\"wp-image-20\" style=\"width:219px;height:auto\" srcset=\"https:\/\/bogalarkoyusulamakooperatifi.com\/wp-content\/uploads\/2025\/07\/WhatsApp-Image-2025-07-16-at-16.09.46.jpeg 805w, https:\/\/bogalarkoyusulamakooperatifi.com\/wp-content\/uploads\/2025\/07\/WhatsApp-Image-2025-07-16-at-16.09.46-268x300.jpeg 268w, https:\/\/bogalarkoyusulamakooperatifi.com\/wp-content\/uploads\/2025\/07\/WhatsApp-Image-2025-07-16-at-16.09.46-768x859.jpeg 768w\" sizes=\"auto, (max-width: 805px) 100vw, 805px\" \/><\/figure>\n\n\n\n<p><strong>TEDAR\u0130K<\/strong><\/p>\n\n\n\n<p><\/p>\n","protected":false},"excerpt":{"rendered":"<p>S\u00dcT TOPLAMA VE DEPOLAMA YEM SATI\u015eI VE DEPOLAMA S\u00d6ZLE\u015eMEL\u0130 \u00dcRET\u0130M TEDAR\u0130K<\/p>\n","protected":false},"author":1,"featured_media":0,"parent":0,"menu_order":0,"comment_status":"closed","ping_status":"closed","template":"","meta":{"pagelayer_contact_templates":[],"_pagelayer_content":"","footnotes":""},"class_list":["post-54","page","type-page","status-publish","hentry"],"_links":{"self":[{"href":"https:\/\/bogalarkoyusulamakooperatifi.com\/index.php?rest_route=\/wp\/v2\/pages\/54","targetHints":{"allow":["GET"]}}],"collection":[{"href":"https:\/\/bogalarkoyusulamakooperatifi.com\/index.php?rest_route=\/wp\/v2\/pages"}],"about":[{"href":"https:\/\/bogalarkoyusulamakooperatifi.com\/index.php?rest_route=\/wp\/v2\/types\/page"}],"author":[{"embeddable":true,"href":"https:\/\/bogalarkoyusulamakooperatifi.com\/index.php?rest_route=\/wp\/v2\/users\/1"}],"replies":[{"embeddable":true,"href":"https:\/\/bogalarkoyusulamakooperatifi.com\/index.php?rest_route=%2Fwp%2Fv2%2Fcomments&post=54"}],"version-history":[{"count":4,"href":"https:\/\/bogalarkoyusulamakooperatifi.com\/index.php?rest_route=\/wp\/v2\/pages\/54\/revisions"}],"predecessor-version":[{"id":88,"href":"https:\/\/bogalarkoyusulamakooperatifi.com\/index.php?rest_route=\/wp\/v2\/pages\/54\/revisions\/88"}],"wp:attachment":[{"href":"https:\/\/bogalarkoyusulamakooperatifi.com\/index.php?rest_route=%2Fwp%2Fv2%2Fmedia&parent=54"}],"curies":[{"name":"wp","href":"https:\/\/api.w.org\/{rel}","templated":true}]}}